{"id":39,"date":"2025-01-30T16:25:38","date_gmt":"2025-01-30T15:25:38","guid":{"rendered":"https:\/\/systemisch-pfalz.de\/?page_id=39"},"modified":"2025-07-16T11:53:39","modified_gmt":"2025-07-16T09:53:39","slug":"impressum","status":"publish","type":"page","link":"https:\/\/systemisch-pfalz.de\/?page_id=39","title":{"rendered":"Impressum"},"content":{"rendered":"\n<p><\/p>\n\n\n\n<p>Angaben gem\u00e4\u00df \u00a7 5 DDG<\/p>\n\n\n\n<p>Rebecca Jauker<br>c\/o Impressumservice Dein-Impressum<br>Stettiner Stra\u00dfe 41<br>35410 Hungen<br><\/p>\n\n\n\n<p>Kontakt: info@systemisch-pfalz.de <\/p>\n\n\n\n<p><\/p>\n\n\n\n<p><\/p>\n\n\n\n<p><\/p>\n\n\n\n<p><\/p>\n\n\n\n<p><\/p>\n","protected":false},"excerpt":{"rendered":"<p>Angaben gem\u00e4\u00df \u00a7 5 DDG Rebecca Jaukerc\/o Impressumservice Dein-ImpressumStettiner Stra\u00dfe 4135410 Hungen Kontakt: info@systemisch-pfalz.de<\/p>\n","protected":false},"author":1,"featured_media":0,"parent":0,"menu_order":0,"comment_status":"closed","ping_status":"closed","template":"","meta":{"footnotes":""},"class_list":["post-39","page","type-page","status-publish","hentry"],"yoast_head":"<!-- This site is optimized with the Yoast SEO plugin v27.3 - https:\/\/yoast.com\/product\/yoast-seo-wordpress\/ -->\n<title>Impressum - Pr\u00e4ventionsabende - Rebecca Jauker<\/title>\n<meta name=\"robots\" content=\"index, follow, max-snippet:-1, max-image-preview:large, max-video-preview:-1\" \/>\n<link rel=\"canonical\" href=\"https:\/\/systemisch-pfalz.de\/?page_id=39\" \/>\n<meta property=\"og:locale\" content=\"de_DE\" \/>\n<meta property=\"og:type\" content=\"article\" \/>\n<meta property=\"og:title\" content=\"Impressum - Pr\u00e4ventionsabende - Rebecca Jauker\" \/>\n<meta property=\"og:description\" content=\"Angaben gem\u00e4\u00df \u00a7 5 DDG Rebecca Jaukerc\/o Impressumservice Dein-ImpressumStettiner Stra\u00dfe 4135410 Hungen Kontakt: info@systemisch-pfalz.de\" \/>\n<meta property=\"og:url\" content=\"https:\/\/systemisch-pfalz.de\/?page_id=39\" \/>\n<meta property=\"og:site_name\" content=\"Pr\u00e4ventionsabende - Rebecca Jauker\" \/>\n<meta property=\"article:modified_time\" content=\"2025-07-16T09:53:39+00:00\" \/>\n<meta name=\"twitter:card\" content=\"summary_large_image\" \/>\n<meta name=\"twitter:label1\" content=\"Gesch\u00e4tzte Lesezeit\" \/>\n\t<meta name=\"twitter:data1\" content=\"1\u00a0Minute\" \/>\n<script type=\"application\/ld+json\" class=\"yoast-schema-graph\">{\"@context\":\"https:\\\/\\\/schema.org\",\"@graph\":[{\"@type\":\"WebPage\",\"@id\":\"https:\\\/\\\/systemisch-pfalz.de\\\/?page_id=39\",\"url\":\"https:\\\/\\\/systemisch-pfalz.de\\\/?page_id=39\",\"name\":\"Impressum - Pr\u00e4ventionsabende - Rebecca Jauker\",\"isPartOf\":{\"@id\":\"https:\\\/\\\/systemisch-pfalz.de\\\/#website\"},\"datePublished\":\"2025-01-30T15:25:38+00:00\",\"dateModified\":\"2025-07-16T09:53:39+00:00\",\"breadcrumb\":{\"@id\":\"https:\\\/\\\/systemisch-pfalz.de\\\/?page_id=39#breadcrumb\"},\"inLanguage\":\"de\",\"potentialAction\":[{\"@type\":\"ReadAction\",\"target\":[\"https:\\\/\\\/systemisch-pfalz.de\\\/?page_id=39\"]}]},{\"@type\":\"BreadcrumbList\",\"@id\":\"https:\\\/\\\/systemisch-pfalz.de\\\/?page_id=39#breadcrumb\",\"itemListElement\":[{\"@type\":\"ListItem\",\"position\":1,\"name\":\"Startseite\",\"item\":\"https:\\\/\\\/systemisch-pfalz.de\\\/\"},{\"@type\":\"ListItem\",\"position\":2,\"name\":\"Impressum\"}]},{\"@type\":\"WebSite\",\"@id\":\"https:\\\/\\\/systemisch-pfalz.de\\\/#website\",\"url\":\"https:\\\/\\\/systemisch-pfalz.de\\\/\",\"name\":\"Pr\u00e4ventionsabende- Rebecca Jauker\",\"description\":\"\",\"potentialAction\":[{\"@type\":\"SearchAction\",\"target\":{\"@type\":\"EntryPoint\",\"urlTemplate\":\"https:\\\/\\\/systemisch-pfalz.de\\\/?s={search_term_string}\"},\"query-input\":{\"@type\":\"PropertyValueSpecification\",\"valueRequired\":true,\"valueName\":\"search_term_string\"}}],\"inLanguage\":\"de\"}]}<\/script>\n<!-- \/ Yoast SEO plugin. -->","yoast_head_json":{"title":"Impressum - Pr\u00e4ventionsabende - Rebecca Jauker","robots":{"index":"index","follow":"follow","max-snippet":"max-snippet:-1","max-image-preview":"max-image-preview:large","max-video-preview":"max-video-preview:-1"},"canonical":"https:\/\/systemisch-pfalz.de\/?page_id=39","og_locale":"de_DE","og_type":"article","og_title":"Impressum - Pr\u00e4ventionsabende - Rebecca Jauker","og_description":"Angaben gem\u00e4\u00df \u00a7 5 DDG Rebecca Jaukerc\/o Impressumservice Dein-ImpressumStettiner Stra\u00dfe 4135410 Hungen Kontakt: info@systemisch-pfalz.de","og_url":"https:\/\/systemisch-pfalz.de\/?page_id=39","og_site_name":"Pr\u00e4ventionsabende - Rebecca Jauker","article_modified_time":"2025-07-16T09:53:39+00:00","twitter_card":"summary_large_image","twitter_misc":{"Gesch\u00e4tzte Lesezeit":"1\u00a0Minute"},"schema":{"@context":"https:\/\/schema.org","@graph":[{"@type":"WebPage","@id":"https:\/\/systemisch-pfalz.de\/?page_id=39","url":"https:\/\/systemisch-pfalz.de\/?page_id=39","name":"Impressum - Pr\u00e4ventionsabende - Rebecca Jauker","isPartOf":{"@id":"https:\/\/systemisch-pfalz.de\/#website"},"datePublished":"2025-01-30T15:25:38+00:00","dateModified":"2025-07-16T09:53:39+00:00","breadcrumb":{"@id":"https:\/\/systemisch-pfalz.de\/?page_id=39#breadcrumb"},"inLanguage":"de","potentialAction":[{"@type":"ReadAction","target":["https:\/\/systemisch-pfalz.de\/?page_id=39"]}]},{"@type":"BreadcrumbList","@id":"https:\/\/systemisch-pfalz.de\/?page_id=39#breadcrumb","itemListElement":[{"@type":"ListItem","position":1,"name":"Startseite","item":"https:\/\/systemisch-pfalz.de\/"},{"@type":"ListItem","position":2,"name":"Impressum"}]},{"@type":"WebSite","@id":"https:\/\/systemisch-pfalz.de\/#website","url":"https:\/\/systemisch-pfalz.de\/","name":"Pr\u00e4ventionsabende- Rebecca Jauker","description":"","potentialAction":[{"@type":"SearchAction","target":{"@type":"EntryPoint","urlTemplate":"https:\/\/systemisch-pfalz.de\/?s={search_term_string}"},"query-input":{"@type":"PropertyValueSpecification","valueRequired":true,"valueName":"search_term_string"}}],"inLanguage":"de"}]}},"_links":{"self":[{"href":"https:\/\/systemisch-pfalz.de\/index.php?rest_route=\/wp\/v2\/pages\/39","targetHints":{"allow":["GET"]}}],"collection":[{"href":"https:\/\/systemisch-pfalz.de\/index.php?rest_route=\/wp\/v2\/pages"}],"about":[{"href":"https:\/\/systemisch-pfalz.de\/index.php?rest_route=\/wp\/v2\/types\/page"}],"author":[{"embeddable":true,"href":"https:\/\/systemisch-pfalz.de\/index.php?rest_route=\/wp\/v2\/users\/1"}],"replies":[{"embeddable":true,"href":"https:\/\/systemisch-pfalz.de\/index.php?rest_route=%2Fwp%2Fv2%2Fcomments&post=39"}],"version-history":[{"count":3,"href":"https:\/\/systemisch-pfalz.de\/index.php?rest_route=\/wp\/v2\/pages\/39\/revisions"}],"predecessor-version":[{"id":104,"href":"https:\/\/systemisch-pfalz.de\/index.php?rest_route=\/wp\/v2\/pages\/39\/revisions\/104"}],"wp:attachment":[{"href":"https:\/\/systemisch-pfalz.de\/index.php?rest_route=%2Fwp%2Fv2%2Fmedia&parent=39"}],"curies":[{"name":"wp","href":"https:\/\/api.w.org\/{rel}","templated":true}]}}